{"id":3,"date":"2026-02-27T19:04:38","date_gmt":"2026-02-27T18:04:38","guid":{"rendered":"https:\/\/inklusfera.pl\/?page_id=3"},"modified":"2026-03-17T20:10:58","modified_gmt":"2026-03-17T19:10:58","slug":"polityka-prywatnosci","status":"publish","type":"page","link":"https:\/\/inklusfera.pl\/?page_id=3","title":{"rendered":"Polityka prywatno\u015bci"},"content":{"rendered":"\n<h2 class=\"wp-block-heading\">Kim jeste\u015bmy<\/h2>\n\n\n\n<p>Adres naszej strony internetowej to: <a href=\"https:\/\/inklusfera.pl\">https:\/\/inklusfera.pl<\/a>.<\/p>\n\n\n\n<h2 class=\"wp-block-heading\">Komentarze<\/h2>\n\n\n\n<p>Kiedy odwiedzaj\u0105cy witryn\u0119 zostawia komentarz, zbieramy dane widoczne w formularzu komentowania, jak i adres IP odwiedzaj\u0105cego oraz podpis jego przegl\u0105darki jako pomoc przy wykrywaniu spamu.<\/p>\n\n\n\n<p>Anonimizowany ci\u0105g znak\u00f3w utworzony z twojego adresu e-mail (zwany te\u017c hashem) mo\u017ce zosta\u0107 przes\u0142any do us\u0142ugi Gravatar w celu sprawdzenia czy jest u\u017cywany. Polityka prywatno\u015bci us\u0142ugi Gravatar jest dost\u0119pna pod adresem: https:\/\/automattic.com\/privacy\/. Po zatwierdzeniu komentarza tw\u00f3j obrazek profilowy jest widoczny publicznie w kontek\u015bcie twojego komentarza.<\/p>\n\n\n\n<h2 class=\"wp-block-heading\">Media<\/h2>\n\n\n\n<p>Je\u015bli jeste\u015b zarejestrowanym u\u017cytkownikiem i wgrywasz na witryn\u0119 obrazki, powiniene\u015b unika\u0107 przesy\u0142ania obrazk\u00f3w z tagami EXIF lokalizacji. Odwiedzaj\u0105cy stron\u0119 mog\u0105 pobra\u0107 i odczyta\u0107 pe\u0142ne dane lokalizacyjne z obrazk\u00f3w w witrynie.<\/p>\n\n\n\n<h2 class=\"wp-block-heading\">Ciasteczka<\/h2>\n\n\n\n<p>Je\u015bli skomentujesz co\u015b w witrynie, b\u0119dzie mo\u017cna wybra\u0107 opcj\u0119 zapisu nazwy, adresu e-mail i witryny internetowej w ciasteczkach, dzi\u0119ki kt\u00f3rym podczas pisania kolejnych komentarzy powy\u017csze informacje b\u0119d\u0105 ju\u017c dogodnie uzupe\u0142nione. Ciasteczka wygasaj\u0105 po roku.<\/p>\n\n\n\n<p>Je\u015bli odwiedzisz stron\u0119 logowania, utworzymy tymczasowe ciasteczko na potrzeby sprawdzenia czy twoja przegl\u0105darka akceptuje ciasteczka. Nie zawiera ono \u017cadnych danych osobistych i zostanie usuni\u0119te, kiedy przegl\u0105darka zostanie zamkni\u0119ta.<\/p>\n\n\n\n<p>Podczas logowania tworzymy dodatkowo kilka ciasteczek potrzebnych do zapisu twoich informacji logowania oraz wybranych opcji ekranu. Ciasteczka logowania wygasaj\u0105 po dw\u00f3ch dniach, a opcji ekranu po roku. Je\u015bli zaznaczysz opcj\u0119 \u201ePami\u0119taj mnie\u201d, logowanie wyga\u015bnie po dw\u00f3ch tygodniach. Je\u015bli wylogujesz si\u0119 ze swojego konta, ciasteczka logowania zostan\u0105 usuni\u0119te.<\/p>\n\n\n\n<p>Je\u015bli zmodyfikujesz albo opublikujesz artyku\u0142, w twojej przegl\u0105darce zostanie zapisane dodatkowe ciasteczko. To ciasteczko nie zawiera \u017cadnych danych osobistych, wskazuj\u0105c po prostu na identyfikator przed chwil\u0105 edytowanego artyku\u0142u. Wygasa ono po 1 dniu.<\/p>\n\n\n\n<h2 class=\"wp-block-heading\">Osadzone tre\u015bci z innych witryn<\/h2>\n\n\n\n<p>Artyku\u0142y na tej witrynie mog\u0105 zawiera\u0107 osadzone tre\u015bci (np. filmy, obrazki, artyku\u0142y itp.). Osadzone tre\u015bci z innych witryn zachowuj\u0105 si\u0119 analogicznie do tego, jakby u\u017cytkownik odwiedzi\u0142 bezpo\u015brednio konkretn\u0105 witryn\u0119.<\/p>\n\n\n\n<p>Witryny mog\u0105 zbiera\u0107 informacje o tobie, u\u017cywa\u0107 ciasteczek, do\u0142\u0105cza\u0107 dodatkowe, zewn\u0119trzne systemy \u015bledzenia i monitorowa\u0107 twoje interakcje z osadzonym materia\u0142em, w\u0142\u0105czaj\u0105c w to \u015bledzenie twoich interakcji z osadzonym materia\u0142em je\u015bli posiadasz konto i jeste\u015b zalogowany w tamtej witrynie.<\/p>\n\n\n\n<h2 class=\"wp-block-heading\">Z kim dzielimy si\u0119 danymi<\/h2>\n\n\n\n<p>Je\u015bli za\u017c\u0105dasz zresetowania has\u0142a, tw\u00f3j adres IP zostanie do\u0142\u0105czony do wysy\u0142anej wiadomo\u015bci.<\/p>\n\n\n\n<h2 class=\"wp-block-heading\">Kto jest administratorem Pa\u0144stwa danych osobowych?<\/h2>\n\n\n\n<p>Administratorem, czyli podmiotem decyduj\u0105cym o tym, jak b\u0119d\u0105 wykorzystywane, przetwarzane i zabezpieczane Pa\u0144stwa dane osobowe jest: <\/p>\n\n\n\n<p><strong>InkluSfera Ma\u0142gorzata Czupik<\/strong><\/p>\n\n\n\n<p>ul. Obro\u0144c\u00f3w Tobruku 38\/116<\/p>\n\n\n\n<p>01-494 Warszawa<\/p>\n\n\n\n<p>NIP&nbsp;924 153 00 52<\/p>\n\n\n\n<p>Telefon: +48886 098 338<\/p>\n\n\n\n<p><a href=\"mailto:malgorzata.czupik.nr@gmail.com\" target=\"_blank\" rel=\"noreferrer noopener\">malgorzata.czupik.nr@gmail.com<\/a><\/p>\n\n\n\n<h2 class=\"wp-block-heading\">Jak d\u0142ugo przechowujemy twoje dane<\/h2>\n\n\n\n<p>Je\u015bli zostawisz komentarz, jego tre\u015b\u0107 i metadane b\u0119d\u0105 przechowywane przez czas nieokre\u015blony. Dzi\u0119ki temu jeste\u015bmy w stanie rozpoznawa\u0107 i zatwierdza\u0107 kolejne komentarze automatycznie, bez wysy\u0142ania ich do ka\u017cdorazowej moderacji.<\/p>\n\n\n\n<p>Dla u\u017cytkownik\u00f3w kt\u00f3rzy zarejestrowali si\u0119 na naszej stronie internetowej (je\u015bli tacy s\u0105), przechowujemy r\u00f3wnie\u017c informacje osobiste wprowadzone w profilu. Ka\u017cdy u\u017cytkownik mo\u017ce dokona\u0107 wgl\u0105du, korekty albo skasowa\u0107 swoje informacje osobiste w dowolnej chwili (nie licz\u0105c nazwy u\u017cytkownika, kt\u00f3rej nie mo\u017cna zmieni\u0107). Administratorzy strony r\u00f3wnie\u017c mog\u0105 przegl\u0105da\u0107 i modyfikowa\u0107 te informacje.<\/p>\n\n\n\n<h2 class=\"wp-block-heading\">Jakie masz prawa do swoich danych<\/h2>\n\n\n\n<p>Je\u015bli masz konto u\u017cytkownika albo doda\u0142e\u015b komentarze w tej witrynie, mo\u017cesz za\u017c\u0105da\u0107 dostarczenia pliku z wyeksportowanym kompletem twoich danych osobistych b\u0119d\u0105cych w naszym posiadaniu, w tym ca\u0142o\u015b\u0107 tych dostarczonych przez ciebie. Mo\u017cesz r\u00f3wnie\u017c za\u017c\u0105da\u0107 usuni\u0119cia przez nas ca\u0142o\u015bci twoich danych osobistych w naszym posiadaniu. Nie dotyczy to \u017cadnych danych kt\u00f3re jeste\u015bmy zobligowani zachowa\u0107 ze wzgl\u0119d\u00f3w administracyjnych, prawnych albo bezpiecze\u0144stwa.<\/p>\n\n\n\n<h2 class=\"wp-block-heading\">Gdzie wys\u0142amy twoje dane<\/h2>\n\n\n\n<p>Komentarze go\u015bci mog\u0105 by\u0107 sprawdzane za pomoc\u0105 automatycznej us\u0142ugi wykrywania spamu.<\/p>\n\n\n\n<h2 class=\"wp-block-heading\">Jak si\u0119 ze mn\u0105 skontaktowa\u0107?<\/h2>\n\n\n\n<p>Je\u017celi poni\u017csze informacje s\u0105 niewystarczaj\u0105ce, to prosz\u0119 o kontakt ze mn\u0105 poprzez adres: biuro@remixpw.com<\/p>\n\n\n\n<h2 class=\"wp-block-heading\">Jaki jest cel przetwarzania danych?<\/h2>\n\n\n\n<p>Pa\u0144stwa dane osobowe b\u0119d\u0105 przetwarzane w kilku r\u00f3\u017cnych celach tj. dla prawid\u0142owej realizacji umowy, celem wykonania obowi\u0105zk\u00f3w prawnych, w tym podatkowych, a tak\u017ce mog\u0105 by\u0107 przetwarzane celem kierowania do Pa\u0144stwa ofert w ramach naszej wsp\u00f3\u0142pracy oraz dla dochodzenia ewentualnych roszcze\u0144 wynikaj\u0105cych z przepis\u00f3w prawa cywilnego oraz obrony przed takimi roszczeniami, je\u015bli takie si\u0119 pojawi\u0105.<\/p>\n\n\n\n<h3 class=\"wp-block-heading\">&nbsp;Podstaw\u0105 prawna przetwarzania Pa\u0144stwa danych osobowych jest:<\/h3>\n\n\n\n<p>\u2013 art. 6 ust. 1 lit b RODO, tj. przetwarzanie jest konieczne do realizacji \u0142\u0105cz\u0105cej nas umowy.<br>\u2013 art. 6 ust. 1 lit. c RODO, tj. przetwarzanie jest niezb\u0119dne do realizacji obowi\u0105zk\u00f3w na nas ci\u0105\u017c\u0105cych takich rozliczenia finansowe, w tym podatkowe.<br>\u2013 art. 6 ust. 1 lit. f RODO, tj. przetwarzanie jest nieodzowne dla realizacji cel\u00f3w wynikaj\u0105cych z naszych prawnie uzasadnionych interes\u00f3w, takich jak kierowanie do Ciebie ofert w ramach marketingu bezpo\u015bredniego oraz ewentualna konieczno\u015b\u0107 odpierania lub realizacji roszcze\u0144 cywilnoprawnych.<\/p>\n\n\n\n<p>Pa\u0144stwa dane osobowe b\u0119d\u0105 przechowywane przez okres niezb\u0119dny do konkretnego przetwarzania danych. Z pewno\u015bci\u0105 dane b\u0119d\u0105 przetwarzane przez okres trwania \u0142\u0105cz\u0105cej nas umowy, jak r\u00f3wnie\u017c przez okres trwania wymagalno\u015bci ewentualnych roszcze\u0144 z tym zwi\u0105zanych, a wi\u0119c, przez co najmniej 10 lat od rozwi\u0105zania umowy \u2013 zgodnie z og\u00f3lnym terminem przedawnienia w my\u015bl art. 118 ustawy z dnia 23 kwietnia 1964 r. Kodeks cywilny (Dz.U.2017.459 t.j.&nbsp;z dnia&nbsp;2017.03.01).<br>Pa\u0144stwa dane osobowe b\u0119d\u0105 przetwarzane w spos\u00f3b cz\u0119\u015bciowo zautomatyzowany, poniewa\u017c b\u0119dziemy w pewnym stopniu b\u0119dziemy je przetwarza\u0107 na zasobach komputerowych. Jednak\u017ce w ramach przetwarzania danych nie stosujemy metod polegaj\u0105cych na zautomatyzowanym podejmowaniu decyzji, w tym profilowania.<\/p>\n\n\n\n<p><strong>&nbsp;Podanie przez Pa\u0144stwa danych jest dobrowolne, jednak jest ono konieczne dla realizacji \u0142\u0105cz\u0105cej nas wsp\u00f3\u0142pracy.<\/strong><\/p>\n\n\n\n<h2 class=\"wp-block-heading\">Jak d\u0142ugo przechowuj\u0119 Pa\u0144stwa dane osobowe?<\/h2>\n\n\n\n<p>Przechowuj\u0119 Pa\u0144stwa dane osobowe przez czas obowi\u0105zywania umowy zawartej z Pa\u0144stwem, a tak\u017ce w zale\u017cno\u015bci od przeznaczenia w r\u00f3\u017cnych celach:<br>\u2013 wykonania obowi\u0105zk\u00f3w wynikaj\u0105cych z przepis\u00f3w prawa, w tym w szczeg\u00f3lno\u015bci podatkowych i rachunkowych, dochodzenie roszcze\u0144 oraz zapobieganie nadu\u017cyciom i oszustwom: maksymalnie 6 lat od dnia zako\u0144czenia wykonania umowy;<br>\u2013 marketingowych, za wyra\u017ana Pa\u0144stwa zgod\u0105<br>\u2013 archiwizacyjnych: zgodnie z umow\u0105<br>\u2013 statystycznych: bezterminowo, dane te s\u0105 zanonimizowane i nie podlegaj\u0105 rozporz\u0105dzeniu RODO.<\/p>\n\n\n\n<p>Dane osobowe z zapyta\u0144 ofertowych przechowuj\u0119 zgodnie z moim istotnym interesem na podstawie art. 6 ust. 1 lit. f) RODO przez okres 2 lat.<\/p>\n\n\n\n<h2 class=\"wp-block-heading\">Jak zabezpieczam Twoje dane osobowe?<\/h2>\n\n\n\n<p>Rozporz\u0105dzenie RODO stawia najwi\u0119kszy nacisk na kwestie zwi\u0105zane w\u0142a\u015bnie z bezpiecze\u0144stwem danych osobowych, dlatego te\u017c zainwestowa\u0142em najwi\u0119cej czasu, \u015brodk\u00f3w i wiedzy by zabezpieczy\u0107 bezpiecze\u0144stwo Pa\u0144stwa danych.<\/p>\n\n\n\n<p>Formularze na tej stronie i dane osobowe w nich umieszczone s\u0105 zabezpieczone protoko\u0142em SSL.<\/p>\n\n\n\n<p>Dost\u0119p do poczty, social media, plik\u00f3w z danymi w systemach chmurowych itp jest zabezpieczony logowaniem dwuetapowym i ograniczony tylko do kilku urz\u0105dze\u0144 w mojej firmie oraz kilku urz\u0105dze\u0144 mobilnych.<\/p>\n\n\n\n<p>Dyski twarde, na kt\u00f3rych przechowuj\u0119 fotografie s\u0105 zabezpieczone zar\u00f3wno przed dost\u0119pem fizycznym, jak i cyfrowym.<\/p>\n\n\n\n<p>Stopniowo eliminuj\u0119 obieg jakichkolwiek dokument\u00f3w drukowanych.<\/p>\n\n\n\n<h2 class=\"wp-block-heading\">Czy polityka prywatno\u015bci mo\u017ce ulec zmianie?<\/h2>\n\n\n\n<p>Tak! Oczywi\u015bcie. Rozporz\u0105dzenie RODO jest zbiorem bardzo nowych przepis\u00f3w, kt\u00f3re wchodz\u0105 w \u017cycie w ca\u0142ej Unii Europejskiej z dniem 25 maja 2018 r. Podobnie jak inne bran\u017ce, wci\u0105\u017c ucz\u0119 si\u0119 poprawnie stosowa\u0107 przepisy tego rozporz\u0105dzenia i zgodnie ze zdobywan\u0105 wiedz\u0105 i do\u015bwiadczeniem b\u0119d\u0119 modyfikowa\u0107 niniejsz\u0105 polityk\u0119 aby zwi\u0119ksza\u0107 bezpiecze\u0144stwo i polepsza\u0107 przetwarzanie Pa\u0144stwa danych.<\/p>\n","protected":false},"excerpt":{"rendered":"<p>Kim jeste\u015bmy Adres naszej strony internetowej to: https:\/\/inklusfera.pl. Komentarze Kiedy odwiedzaj\u0105cy witryn\u0119 zostawia komentarz, zbieramy dane widoczne w formularzu komentowania, jak i adres IP odwiedzaj\u0105cego oraz podpis jego przegl\u0105darki jako pomoc przy wykrywaniu spamu. Anonimizowany ci\u0105g znak\u00f3w utworzony z twojego adresu e-mail (zwany te\u017c hashem) mo\u017ce zosta\u0107 przes\u0142any do us\u0142ugi&#8230;<\/p>\n","protected":false},"author":1,"featured_media":0,"parent":0,"menu_order":0,"comment_status":"closed","ping_status":"open","template":"","meta":{"_themeisle_gutenberg_block_has_review":false,"footnotes":""},"class_list":["post-3","page","type-page","status-publish","hentry"],"_links":{"self":[{"href":"https:\/\/inklusfera.pl\/index.php?rest_route=\/wp\/v2\/pages\/3","targetHints":{"allow":["GET"]}}],"collection":[{"href":"https:\/\/inklusfera.pl\/index.php?rest_route=\/wp\/v2\/pages"}],"about":[{"href":"https:\/\/inklusfera.pl\/index.php?rest_route=\/wp\/v2\/types\/page"}],"author":[{"embeddable":true,"href":"https:\/\/inklusfera.pl\/index.php?rest_route=\/wp\/v2\/users\/1"}],"replies":[{"embeddable":true,"href":"https:\/\/inklusfera.pl\/index.php?rest_route=%2Fwp%2Fv2%2Fcomments&post=3"}],"version-history":[{"count":2,"href":"https:\/\/inklusfera.pl\/index.php?rest_route=\/wp\/v2\/pages\/3\/revisions"}],"predecessor-version":[{"id":13,"href":"https:\/\/inklusfera.pl\/index.php?rest_route=\/wp\/v2\/pages\/3\/revisions\/13"}],"wp:attachment":[{"href":"https:\/\/inklusfera.pl\/index.php?rest_route=%2Fwp%2Fv2%2Fmedia&parent=3"}],"curies":[{"name":"wp","href":"https:\/\/api.w.org\/{rel}","templated":true}]}}